{"id":305,"date":"2016-01-05T14:21:46","date_gmt":"2016-01-05T13:21:46","guid":{"rendered":"http:\/\/www.viaggiculturalieuropa.it\/blog\/?page_id=305"},"modified":"2017-08-31T14:08:18","modified_gmt":"2017-08-31T12:08:18","slug":"viaggi-spesso","status":"publish","type":"page","link":"https:\/\/www.viaggiculturalieuropa.it\/blog\/viaggi-spesso\/","title":{"rendered":"Viaggi spesso? Condividi le tue esperienze"},"content":{"rendered":"<p><a title=\"Traveler Shoot\" href=\"https:\/\/www.flickr.com\/photos\/nateks\/4006331418\/in\/photolist-772uKC-4XfQRy-aDLNRA-6vzNTC-6F2q14-8UEkNc-8UHprQ-8UEktc-8UHpt7-7RC3g1-652ktG-wDjCXN-wDjw9C-9JV9eR-qCY8p8-zABVGX-qGDWk3-mj36EQ-7RC2vq-de2R52-pNkk4H-dtwdTZ-4oRwcS-5WMG1L-zUEZ3d-i498G8-reipw8-mAYGJ2-eDSGhj-A2SBoM-4oRzYw-q5zLcQ-i2Bkio-5z8Jhc-8UHpJ5-hyZWQ1-qzqTdX-omb9cs-8mHDRb-7cKBPn-mAYGoH-xtzhip-2xQNUw-8pacAT-4RKUWH-mAZSdw-7AowdL-4oRB4U-bkQKy-qEdvxD\" data-flickr-embed=\"true\"><img loading=\"lazy\" decoding=\"async\" class=\"alignleft\" title=\"viaggi\" src=\"https:\/\/farm3.staticflickr.com\/2448\/4006331418_94b1a25116_n.jpg\" alt=\"viaggi\" width=\"320\" height=\"214\" \/><\/a><script src=\"\/\/embedr.flickr.com\/assets\/client-code.js\" async=\"\" charset=\"utf-8\"><\/script><strong>Le persone non fanno i viaggi, sono i viaggi che fanno le persone!<\/strong><\/p>\n<p>Immagino che se sei incollato allo schermo del tuo PC\u00a0a leggere questa pagina sei come me, un viaggiatore accanito. Uno di quelli che almeno due-tre volte l&#8217;anno prende zaino e scarpe comode e parte alla scoperta di un luogo storico conosciuto a pochi.<\/p>\n<p>Anche io come te faccio parte di quei pochi. Un numero ristretto di pionieri coraggiosi che si stanno addentrando (io ormai dal lontano 2009) alla scoperta dei patrimoni culturali europei.<\/p>\n<p>Sono tanti gli appassionati di viaggi, un numero davvero grande. Ma quanti di loro prima di partire studiano e approfondiscono come facciamo noi?<\/p>\n<p>Quanti hanno come obiettivo l&#8217;esplorazione finalizzata alla conoscenza?<\/p>\n<p>Quanti intendono il viaggio come un&#8217;occasione per migliorare la propria esistenza e imparare dal passato a non commettere di nuovo gli stessi errori?<\/p>\n<p><strong>A parole sono tutti degli avventurieri ma alla fine ogni volta si ritrovano vestiti a cipolla nel primo pulman pi\u00f9 a buon mercato pronti a seguire un gregge di pecoroni.<\/strong><\/p>\n<p>Purtoppo il turismo di massa \u00e8 la via pi\u00f9 facile da seguire ma \u00e8 anche uno degli artefici della rovina che giorno dopo giorno sta subendo il nostro patrimonio culturale. Molti ancora lo vedono come il turismo salvatore che genera crescita economica, ma in realt\u00e0 non fa altro che distruggere le nostre identit\u00e0 culturali.<\/p>\n<p>Ogni giorno, mentre tu sei comodo in poltrona davanti al camino a leggere un libro, a parlare con i tuoi familiari o semplicemente a leggere le pagine di questo blog, sappi che un sito archeologico, un angolo storico o un luogo della memoria viene trasformato in Luna Park per divertire gli stolti\u00a0o, peggio, distrutto in modo irreversibile per lasciare spazio ai simboli del &#8220;progresso&#8221;.<\/p>\n<p>Una casa torre abbattuta per lasciare spazio a una palazzina, un castello trasformato in museo delle emozioni, una Pompei devastata da abusi e malagestione.<\/p>\n<p>Quando una storia, un evento, un paesaggio vengono stravolti e resi pi\u00f9 &#8220;attraenti&#8221; automaticamente ciascuno di noi perde un pezzo della propria identit\u00e0 di cittadino, di italiano, di europeo e di abitante del Mediterraneo.<\/p>\n<p>Quando ho iniziato a scrivere e a raccontare le mie esperienze di viaggio il mio intento \u00e8 sempre stato quello di trasmettere la passione per i viaggi culturali, quelli che ti conducono a toccare con mano le storie che ci hanno reso, nel bene e nel male, quelli che siamo; ma soprattutto ho sempre scritto per trasmettere un semplice messaggio:<\/p>\n<blockquote><p>Il Patrimonio Culturale per essere difeso e tutelato deve necessariamente essere conosciuto nel profondo e apprezzato per quello che \u00e8.<\/p><\/blockquote>\n<p>Non possiamo dare per scontate le nostre origini e men che meno non conoscere quelle delle popolazioni che ci circondano.<\/p>\n<p><strong>Non renderti complice della messa al bando del nostro passato. Ha le ore contate e solo noi possiamo salvarlo.<\/strong><\/p>\n<p>Contribuisci anche tu nel tuo piccolo a trasmettere agli altri questo semplice ma potente messaggio. Invoglia con le tue storie a pensare ai viaggi culturali come dei momenti divertenti per conoscere il nostro passato.<\/p>\n<p>Senza un&#8217;identit\u00e0 storica ben precisa siamo anonimi individui complici della distruzione del patrimonio culturale.<\/p>\n<p><strong>Se vuoi entrare a far parte del nostro gruppo di pionieri e condividere con gli altri le esperienze dei tuoi viaggi culturali continua a leggere questo articolo, altrimenti non perdere tempo e naviga in porti migliori.<\/strong><\/p>\n<p>Bene, sono contento che hai deciso di darci il tuo aiuto e condividere con noi i tuoi viaggi culturali.<\/p>\n<p><strong>\u221a<\/strong> \u00a0Puoi\u00a0scrivere del tuo ultimo viaggio o di quello che hai affrontato anni fa.<\/p>\n<p><strong>\u221a<\/strong> \u00a0Puoi scriverci di un singolo luogo o di un itinerario storico.<\/p>\n<p>\u221a \u00a0Puoi svelarci tutte le chicche che hanno reso il tuo viaggio culturale memorabile.<\/p>\n<p>\u221a \u00a0Puoi raccontarci cosa ti ha portato a scegliere proprio quel luogo storico anzich\u00e9 un altro.<\/p>\n<p>\u221a \u00a0Puoi indicarci strumenti e fonti che hai consultato prima della partenza per organizzare il tour cultuale o durante il viaggio per muoverti e orientarti.<\/p>\n<p>\u221a \u00a0E ultimo, ma non per importanza, se gestisci un sito di viaggi affine al mio non perdere altro tempo e corri subito a inviarmi il tuo guest post.<\/p>\n<p><strong>Sei il benvenuto!<\/strong><\/p>\n<p>Sentiti libero di scrivere tutto quello che credi possa essere utile agli altri pionieri dei viaggi culturali in Europa.<\/p>\n<p>Il tutto naturalmente \u00e8 completamente GRATUITO e, come in ogni rivista e sito di viaggi cultuali che si rispetti, tutti gli articoli verranno\u00a0revisionati da me e i miei collaboratori.<\/p>\n<p>L&#8217;articolo verr\u00e0 pubblicato solo dopo la tua approvazione, con il tuo nome, il tuo sito e la tua faccia bene in vista.<\/p>\n<p>Scrivici a info@viaggiculturalieuropa.it o sulla nostra <a href=\"https:\/\/www.facebook.com\/viaggiculturalieuropa\" target=\"_blank\" rel=\"noopener\">pagina Facebook<\/a>.<\/p>\n<p>P.S. Se vuoi delle indicazioni di base pi\u00f9 precise\u00a0per scrivere il tuo Post, dai un&#8217;occhiata a <a href=\"http:\/\/www.viaggiculturalieuropa.it\/blog\/wp-content\/uploads\/2016\/01\/Guida_di_stile_-_VIAGGICULTURALIEUROPA_IT.pdf\" rel=\"\">questa breve guida di stile.<\/a><\/p>\n","protected":false},"excerpt":{"rendered":"<p>Le persone non fanno i viaggi, sono i viaggi che fanno le persone! Immagino che se sei incollato allo schermo del tuo PC\u00a0a leggere questa pagina sei come me, un viaggiatore accanito. Uno di quelli che almeno due-tre volte l&#8217;anno prende zaino e scarpe comode e parte alla scoperta di un luogo storico conosciuto a &#8230; <a title=\"Viaggi spesso? Condividi le tue esperienze\" class=\"read-more\" href=\"https:\/\/www.viaggiculturalieuropa.it\/blog\/viaggi-spesso\/\">Leggi tutto<span class=\"screen-reader-text\">Viaggi spesso? Condividi le tue esperienze<\/span><\/a><\/p>\n","protected":false},"author":1,"featured_media":0,"parent":0,"menu_order":0,"comment_status":"closed","ping_status":"closed","template":"","meta":{"telegram_tosend":false,"telegram_tosend_message":"","telegram_tosend_target":0,"_exactmetrics_skip_tracking":false,"_exactmetrics_sitenote_active":false,"_exactmetrics_sitenote_note":"","_exactmetrics_sitenote_category":0,"footnotes":""},"class_list":["post-305","page","type-page","status-publish"],"yoast_head":"<!-- This site is optimized with the Yoast SEO plugin v25.1 - https:\/\/yoast.com\/wordpress\/plugins\/seo\/ -->\n<title>Viaggi spesso? Condividi le tue esperienze<\/title>\n<meta name=\"description\" content=\"Se ti piacciono i viaggi culturali e desideri condividere le tue esperienze o vuoi aumentare la visibilit\u00e0 al tuo sito dai un&#039;occhiata qui.\" \/>\n<meta name=\"robots\" content=\"index, follow, max-snippet:-1, max-image-preview:large, max-video-preview:-1\" \/>\n<link rel=\"canonical\" href=\"https:\/\/www.viaggiculturalieuropa.it\/blog\/viaggi-spesso\/\" \/>\n<meta property=\"og:locale\" content=\"it_IT\" \/>\n<meta property=\"og:type\" content=\"article\" \/>\n<meta property=\"og:title\" content=\"Viaggi spesso? Condividi le tue esperienze\" \/>\n<meta property=\"og:description\" content=\"Se ti piacciono i viaggi culturali e desideri condividere le tue esperienze o vuoi aumentare la visibilit\u00e0 al tuo sito dai un&#039;occhiata qui.\" \/>\n<meta property=\"og:url\" content=\"https:\/\/www.viaggiculturalieuropa.it\/blog\/viaggi-spesso\/\" \/>\n<meta property=\"og:site_name\" content=\"Viaggi Culturali Europa\" \/>\n<meta property=\"article:modified_time\" content=\"2017-08-31T12:08:18+00:00\" \/>\n<meta property=\"og:image\" content=\"https:\/\/farm3.staticflickr.com\/2448\/4006331418_94b1a25116_n.jpg\" \/>\n<meta name=\"twitter:card\" content=\"summary_large_image\" \/>\n<meta name=\"twitter:label1\" content=\"Tempo di lettura stimato\" \/>\n\t<meta name=\"twitter:data1\" content=\"4 minuti\" \/>\n<script type=\"application\/ld+json\" class=\"yoast-schema-graph\">{\"@context\":\"https:\/\/schema.org\",\"@graph\":[{\"@type\":\"WebPage\",\"@id\":\"https:\/\/www.viaggiculturalieuropa.it\/blog\/viaggi-spesso\/\",\"url\":\"https:\/\/www.viaggiculturalieuropa.it\/blog\/viaggi-spesso\/\",\"name\":\"Viaggi spesso? Condividi le tue esperienze\",\"isPartOf\":{\"@id\":\"https:\/\/www.viaggiculturalieuropa.it\/blog\/#website\"},\"primaryImageOfPage\":{\"@id\":\"https:\/\/www.viaggiculturalieuropa.it\/blog\/viaggi-spesso\/#primaryimage\"},\"image\":{\"@id\":\"https:\/\/www.viaggiculturalieuropa.it\/blog\/viaggi-spesso\/#primaryimage\"},\"thumbnailUrl\":\"https:\/\/farm3.staticflickr.com\/2448\/4006331418_94b1a25116_n.jpg\",\"datePublished\":\"2016-01-05T13:21:46+00:00\",\"dateModified\":\"2017-08-31T12:08:18+00:00\",\"description\":\"Se ti piacciono i viaggi culturali e desideri condividere le tue esperienze o vuoi aumentare la visibilit\u00e0 al tuo sito dai un'occhiata qui.\",\"breadcrumb\":{\"@id\":\"https:\/\/www.viaggiculturalieuropa.it\/blog\/viaggi-spesso\/#breadcrumb\"},\"inLanguage\":\"it-IT\",\"potentialAction\":[{\"@type\":\"ReadAction\",\"target\":[\"https:\/\/www.viaggiculturalieuropa.it\/blog\/viaggi-spesso\/\"]}]},{\"@type\":\"ImageObject\",\"inLanguage\":\"it-IT\",\"@id\":\"https:\/\/www.viaggiculturalieuropa.it\/blog\/viaggi-spesso\/#primaryimage\",\"url\":\"https:\/\/farm3.staticflickr.com\/2448\/4006331418_94b1a25116_n.jpg\",\"contentUrl\":\"https:\/\/farm3.staticflickr.com\/2448\/4006331418_94b1a25116_n.jpg\"},{\"@type\":\"BreadcrumbList\",\"@id\":\"https:\/\/www.viaggiculturalieuropa.it\/blog\/viaggi-spesso\/#breadcrumb\",\"itemListElement\":[{\"@type\":\"ListItem\",\"position\":1,\"name\":\"Home\",\"item\":\"https:\/\/www.viaggiculturalieuropa.it\/blog\/\"},{\"@type\":\"ListItem\",\"position\":2,\"name\":\"Viaggi spesso? Condividi le tue esperienze\"}]},{\"@type\":\"WebSite\",\"@id\":\"https:\/\/www.viaggiculturalieuropa.it\/blog\/#website\",\"url\":\"https:\/\/www.viaggiculturalieuropa.it\/blog\/\",\"name\":\"Viaggi Culturali Europa\",\"description\":\"Scovo i luoghi culturali che hanno creato nel tempo le identit\u00e0 europee e li porto a conoscenza di chi ama viaggiare.\",\"publisher\":{\"@id\":\"https:\/\/www.viaggiculturalieuropa.it\/blog\/#organization\"},\"potentialAction\":[{\"@type\":\"SearchAction\",\"target\":{\"@type\":\"EntryPoint\",\"urlTemplate\":\"https:\/\/www.viaggiculturalieuropa.it\/blog\/?s={search_term_string}\"},\"query-input\":{\"@type\":\"PropertyValueSpecification\",\"valueRequired\":true,\"valueName\":\"search_term_string\"}}],\"inLanguage\":\"it-IT\"},{\"@type\":\"Organization\",\"@id\":\"https:\/\/www.viaggiculturalieuropa.it\/blog\/#organization\",\"name\":\"Viaggi Culturali Europa\",\"url\":\"https:\/\/www.viaggiculturalieuropa.it\/blog\/\",\"logo\":{\"@type\":\"ImageObject\",\"inLanguage\":\"it-IT\",\"@id\":\"https:\/\/www.viaggiculturalieuropa.it\/blog\/#\/schema\/logo\/image\/\",\"url\":\"https:\/\/www.viaggiculturalieuropa.it\/blog\/wp-content\/uploads\/2015\/08\/viaggi_culturali_europa.png\",\"contentUrl\":\"https:\/\/www.viaggiculturalieuropa.it\/blog\/wp-content\/uploads\/2015\/08\/viaggi_culturali_europa.png\",\"width\":300,\"height\":44,\"caption\":\"Viaggi Culturali Europa\"},\"image\":{\"@id\":\"https:\/\/www.viaggiculturalieuropa.it\/blog\/#\/schema\/logo\/image\/\"}}]}<\/script>\n<!-- \/ Yoast SEO plugin. -->","yoast_head_json":{"title":"Viaggi spesso? Condividi le tue esperienze","description":"Se ti piacciono i viaggi culturali e desideri condividere le tue esperienze o vuoi aumentare la visibilit\u00e0 al tuo sito dai un'occhiata qui.","robots":{"index":"index","follow":"follow","max-snippet":"max-snippet:-1","max-image-preview":"max-image-preview:large","max-video-preview":"max-video-preview:-1"},"canonical":"https:\/\/www.viaggiculturalieuropa.it\/blog\/viaggi-spesso\/","og_locale":"it_IT","og_type":"article","og_title":"Viaggi spesso? Condividi le tue esperienze","og_description":"Se ti piacciono i viaggi culturali e desideri condividere le tue esperienze o vuoi aumentare la visibilit\u00e0 al tuo sito dai un'occhiata qui.","og_url":"https:\/\/www.viaggiculturalieuropa.it\/blog\/viaggi-spesso\/","og_site_name":"Viaggi Culturali Europa","article_modified_time":"2017-08-31T12:08:18+00:00","og_image":[{"url":"https:\/\/farm3.staticflickr.com\/2448\/4006331418_94b1a25116_n.jpg","type":"","width":"","height":""}],"twitter_card":"summary_large_image","twitter_misc":{"Tempo di lettura stimato":"4 minuti"},"schema":{"@context":"https:\/\/schema.org","@graph":[{"@type":"WebPage","@id":"https:\/\/www.viaggiculturalieuropa.it\/blog\/viaggi-spesso\/","url":"https:\/\/www.viaggiculturalieuropa.it\/blog\/viaggi-spesso\/","name":"Viaggi spesso? Condividi le tue esperienze","isPartOf":{"@id":"https:\/\/www.viaggiculturalieuropa.it\/blog\/#website"},"primaryImageOfPage":{"@id":"https:\/\/www.viaggiculturalieuropa.it\/blog\/viaggi-spesso\/#primaryimage"},"image":{"@id":"https:\/\/www.viaggiculturalieuropa.it\/blog\/viaggi-spesso\/#primaryimage"},"thumbnailUrl":"https:\/\/farm3.staticflickr.com\/2448\/4006331418_94b1a25116_n.jpg","datePublished":"2016-01-05T13:21:46+00:00","dateModified":"2017-08-31T12:08:18+00:00","description":"Se ti piacciono i viaggi culturali e desideri condividere le tue esperienze o vuoi aumentare la visibilit\u00e0 al tuo sito dai un'occhiata qui.","breadcrumb":{"@id":"https:\/\/www.viaggiculturalieuropa.it\/blog\/viaggi-spesso\/#breadcrumb"},"inLanguage":"it-IT","potentialAction":[{"@type":"ReadAction","target":["https:\/\/www.viaggiculturalieuropa.it\/blog\/viaggi-spesso\/"]}]},{"@type":"ImageObject","inLanguage":"it-IT","@id":"https:\/\/www.viaggiculturalieuropa.it\/blog\/viaggi-spesso\/#primaryimage","url":"https:\/\/farm3.staticflickr.com\/2448\/4006331418_94b1a25116_n.jpg","contentUrl":"https:\/\/farm3.staticflickr.com\/2448\/4006331418_94b1a25116_n.jpg"},{"@type":"BreadcrumbList","@id":"https:\/\/www.viaggiculturalieuropa.it\/blog\/viaggi-spesso\/#breadcrumb","itemListElement":[{"@type":"ListItem","position":1,"name":"Home","item":"https:\/\/www.viaggiculturalieuropa.it\/blog\/"},{"@type":"ListItem","position":2,"name":"Viaggi spesso? Condividi le tue esperienze"}]},{"@type":"WebSite","@id":"https:\/\/www.viaggiculturalieuropa.it\/blog\/#website","url":"https:\/\/www.viaggiculturalieuropa.it\/blog\/","name":"Viaggi Culturali Europa","description":"Scovo i luoghi culturali che hanno creato nel tempo le identit\u00e0 europee e li porto a conoscenza di chi ama viaggiare.","publisher":{"@id":"https:\/\/www.viaggiculturalieuropa.it\/blog\/#organization"},"potentialAction":[{"@type":"SearchAction","target":{"@type":"EntryPoint","urlTemplate":"https:\/\/www.viaggiculturalieuropa.it\/blog\/?s={search_term_string}"},"query-input":{"@type":"PropertyValueSpecification","valueRequired":true,"valueName":"search_term_string"}}],"inLanguage":"it-IT"},{"@type":"Organization","@id":"https:\/\/www.viaggiculturalieuropa.it\/blog\/#organization","name":"Viaggi Culturali Europa","url":"https:\/\/www.viaggiculturalieuropa.it\/blog\/","logo":{"@type":"ImageObject","inLanguage":"it-IT","@id":"https:\/\/www.viaggiculturalieuropa.it\/blog\/#\/schema\/logo\/image\/","url":"https:\/\/www.viaggiculturalieuropa.it\/blog\/wp-content\/uploads\/2015\/08\/viaggi_culturali_europa.png","contentUrl":"https:\/\/www.viaggiculturalieuropa.it\/blog\/wp-content\/uploads\/2015\/08\/viaggi_culturali_europa.png","width":300,"height":44,"caption":"Viaggi Culturali Europa"},"image":{"@id":"https:\/\/www.viaggiculturalieuropa.it\/blog\/#\/schema\/logo\/image\/"}}]}},"_links":{"self":[{"href":"https:\/\/www.viaggiculturalieuropa.it\/blog\/wp-json\/wp\/v2\/pages\/305","targetHints":{"allow":["GET"]}}],"collection":[{"href":"https:\/\/www.viaggiculturalieuropa.it\/blog\/wp-json\/wp\/v2\/pages"}],"about":[{"href":"https:\/\/www.viaggiculturalieuropa.it\/blog\/wp-json\/wp\/v2\/types\/page"}],"author":[{"embeddable":true,"href":"https:\/\/www.viaggiculturalieuropa.it\/blog\/wp-json\/wp\/v2\/users\/1"}],"replies":[{"embeddable":true,"href":"https:\/\/www.viaggiculturalieuropa.it\/blog\/wp-json\/wp\/v2\/comments?post=305"}],"version-history":[{"count":0,"href":"https:\/\/www.viaggiculturalieuropa.it\/blog\/wp-json\/wp\/v2\/pages\/305\/revisions"}],"wp:attachment":[{"href":"https:\/\/www.viaggiculturalieuropa.it\/blog\/wp-json\/wp\/v2\/media?parent=305"}],"curies":[{"name":"wp","href":"https:\/\/api.w.org\/{rel}","templated":true}]}}