{"id":366,"date":"2016-01-14T18:56:31","date_gmt":"2016-01-14T17:56:31","guid":{"rendered":"http:\/\/www.viaggiculturalieuropa.it\/blog\/?page_id=366"},"modified":"2022-01-28T12:55:03","modified_gmt":"2022-01-28T11:55:03","slug":"risorse-utili","status":"publish","type":"page","link":"https:\/\/www.viaggiculturalieuropa.it\/blog\/risorse-utili\/","title":{"rendered":"Risorse utili"},"content":{"rendered":"<h2>Servizi per pianificare gli spostamenti in Europa<\/h2>\n<p>Quando organizzi un viaggio culturale \u00e8 fondamentale pianificare nei minimi dettagli gli spostamenti. Dopo i primi viaggi ho capito che per non perdere tempo davanti alla biglietteria dovevo studiare la soluzione migliore a casa, prima della partenza. Per facilitarti il lavoro ho stilato la lista degli strumenti che uso durante i miei viaggi culturali in Europa. Trovi compagnie, servizi e motori di ricerca che sono sicuro ti permetteranno di trovare la migliore soluzione alle tue esigenze. La lista verr\u00e0 aggiornata ogni volta che trover\u00f2 e avr\u00f2 testato\u00a0altri strumenti utili.<\/p>\n<p><a href=\"http:\/\/www.viaggiculturalieuropa.it\/blog\/wp-content\/uploads\/2016\/01\/TRAVIC-Transit-Visualization-Client.png\" rel=\"attachment wp-att-382\"><img loading=\"lazy\" decoding=\"async\" class=\"size-medium wp-image-382 alignnone\" src=\"http:\/\/www.viaggiculturalieuropa.it\/blog\/wp-content\/uploads\/2016\/01\/TRAVIC-Transit-Visualization-Client-300x192.png\" alt=\"TRAVIC Transit Visualization Client\" width=\"300\" height=\"192\" \/><\/a><\/p>\n<h3>[BUS, TRENO] TRAVIC<\/h3>\n<p>Un servizio online eccezionale che ti consente di vedere in tempo reale qual \u00e8 il mezzo pubblico pi\u00f9 vicino alla tua posizione e capire in anticipo a quale fermata scendere. In basso visualizzi le fermate e gli orari in tempo reale da quando entri nel portale. Inoltre viene specificata la tipologia del mezzo in arrivo (ad. esempio: Intercity) e se \u00e8 consentito o meno portare a bordo una BICICLETTA. Non devi registrarti, \u00e8 tutto ad accesso libero. Il servizio \u00e8 ancora in fase di sperimentazione quindi non esiste al momento un&#8217;app android e sono inseriti solo alcun centri europei. Se hai la fortuna di trovare nella mappa una delle tue prossime mete di viaggio, fidati, hai fatto tombola! Un servizio da 30 e Lode.<br \/>\n&#8211; <a href=\"http:\/\/tracker.geops.ch\/?z=8&amp;s=1&amp;x=1294154.7971&amp;y=5620596.1811&amp;l=transport\" target=\"_blank\" rel=\"noopener noreferrer\">TRAVIC<\/a><\/p>\n<p>&nbsp;<\/p>\n<h3>[AEREO, BUS, NAVE, TRENO] ROME2RIO<\/h3>\n<p>Piattaforma che ti permette di pianificare i tuoi spostamenti con AEREO, BUS, AUTO, NAVE e TRENO. Hai in un unico portale tutte le informazioni necessarie a organizzare il tuo viaggio culturale con i mezzi motorizzati. Per ciascun mezzo ti viene fornito prezzo, durata viaggio e compagnia da contattare per prenotare. Se \u00e8 possibile raggiungere il luogo solo con un auto ti verranno forniti i dettagli dei km da percorrere e una previsione sulla spesa carburante.<br \/>\n&#8211; <a href=\"http:\/\/www.rome2rio.com\/it\/\" target=\"_blank\" rel=\"noopener noreferrer\" class=\"broken_link\">www.rome2rio.com\/it\/<\/a><\/p>\n<p>&nbsp;<\/p>\n<h3>[BIGLIETTI PER MUSEI, VISITE GUIDATE, TOUR ED EVENTI] MUSEMENT<\/h3>\n<p>Per poter visitare musei e altri luoghi culturali, \u00e8 spesso necessario perdere molto tempo in fila ai <em>Box Office<\/em> per acquistare il biglietto di ingresso. Musement ti permette di acquistare biglietti per musei, mostre, tour ed eventi, comodamente online.<\/p>\n<p>Inoltre, su Musement puoi prenotare visite guidate e biglietti &#8220;salta fila&#8221; anche per luoghi culturali di solito molto affollati, come la Galleria degli Uffizi, i Musei Varicani, la Torre Eiffel, per citarne solo alcuni.<\/p>\n<p>Trovo molto interessante la sezione &#8220;Lasciati ispirare&#8221;, presente sulla pagina principale del sito web, dove ti vengono consigliati tour e visite guidate originali e difficili da trovare se sei sul posto. Questa sezione \u00e8 ottima soprattutto se cerchi ispirazione per un prossimo viaggio.<br \/>\n&#8211; <a href=\"http:\/\/clkuk.tradedoubler.com\/click?p=269824&amp;a=2529413&amp;g=23096732\" target=\"_blank\" rel=\"nofollow noopener noreferrer\">www.musement.it<\/a><\/p>\n<p>&nbsp;<\/p>\n<h3>[TRENO] INTERNATIONALRAIL.COM<\/h3>\n<p>Portale web dove puoi pianificare i tuoi spostamenti in TRENO. Puoi prenotare e acquistare i biglietti e i Pass (unico biglietto valido per pi\u00f9 giorni) per tutte le linee ferroviarie d&#8217;Europa.<br \/>\n&#8211; <a href=\"http:\/\/www.internationalrail.com\" target=\"_blank\" rel=\"noopener noreferrer\">www.internationalrail.com<\/a><\/p>\n<p>&nbsp;<\/p>\n<h3>[TRENO] EURAIL<\/h3>\n<p>Sicuramente il migliore portale web dove trovare biglietti, Pass e consigli sui migliori itinerari da percorrere esclusivamente in TRENO. Nella sezione itinerari ti vengono illustrati i prezzi e le tempistiche per ciascuno spostamento. Ho provato due itinerari ed effettivamente il servizio consiglia ottime soluzioni. Puoi anche personalizzare il tour nella sezione &#8220;Plan your trip&#8221; e pianificarlo in base alle tue esigenze.<br \/>\n&#8211; <a href=\"http:\/\/www.eurail.com\" target=\"_blank\" rel=\"noopener noreferrer\">www.eurail.com<\/a><\/p>\n<p>&nbsp;<\/p>\n<h3>[TRENO] SEAT61<\/h3>\n<p>Sito utile in particolare a chi sta pensando a un viaggio culturale nel Regno Unito o in Irlanda. Trovi prezzi, orari e tutte le informazioni necessarie a viaggiare in treno senza paura di sbagliare linea o stazione. Non \u00e8 uno di quei siti molto intuitivi, quindi te lo consiglio solo se hai un minimo di padronanza con l&#8217;inglese.<br \/>\n&#8211; <a href=\"http:\/\/www.seat61.com\/\" target=\"_blank\" rel=\"noopener noreferrer\">www.seat61.com<\/a><\/p>\n<p>&nbsp;<\/p>\n<h3>[BUS] FLIXBUS<\/h3>\n<p>Compagnia di bus che offre soluzioni low-cost impareggiabili. Uno di quei servizi straordinari che aspettavi da tempo. Collega tutte le principali mete d&#8217;Europa. All&#8217;interno dei bus hai Wi-Fi 100% gratuita e nel prezzo del biglietto sono inclusi 2 bagagli pi\u00f9 1 a mano. Ottimo confort durante il viaggio.<br \/>\n&#8211; <a href=\"http:\/\/www.flixbus.it\" target=\"_blank\" rel=\"noopener noreferrer\">www.flixbus.it<\/a><\/p>\n<p>&nbsp;<\/p>\n<h3>[TRENO, AEREO, BUS, AUTO] OMIO<\/h3>\n<p>Decidi se viaggiare in treno, in aereo, in pullman, se noleggiare un\u2019auto oppure combina tutti i mezzi per raggiungere la tua meta preferita nel modo pi\u00f9 veloce, pi\u00f9 economico o pi\u00f9 efficiente (rapporto velocit\u00e0\/prezzo).\u00a0Un nuovo modo di pianificare i tuoi viaggi. Semplice, intuitivo e flessibile.<br \/>\n&#8211; <a href=\"https:\/\/www.omio.it\/\" target=\"_blank\" rel=\"noopener noreferrer\">www.omio.it<\/a><\/p>\n<p>&nbsp;<\/p>\n<h3>[BUS] QUIBUS<\/h3>\n<p>Compagnia di autobus con ampia copertura in Francia. In Italia le uniche due stazioni sono Genova, Milano e Torino. Potrebbe risultare utile se ti trovi all&#8217;estero per un viaggio culturale (in particolare Francia e Belgio) e il tuo itinerario prevede spostamenti in altri Paesi. Da monitorare per osservare se la disponibilit\u00e0 di mete italiane aumenta.<br \/>\n&#8211; <a href=\"https:\/\/www.blablacar.it\/bus\" target=\"_blank\" rel=\"noopener noreferrer\">https:\/\/www.blablacar.it\/bus<\/a><\/p>\n<p>&nbsp;<\/p>\n<h3>[TRENO, BUS, AUTO, TAXI] DOOR2DOOR<\/h3>\n<p>Motore di ricerca door to door che ti permette di trovare la migliore offerta per i tuoi spostamenti con mezzi motorizzati. Purtroppo durante la ricerca non vengono prese in esame la maggior parte delle compagnie aeree low-cost. Non so il motivo, ma \u00e8 un grossa sbavatura per un sito che prometteva bene. Consigliato per tutti gli altri mezzi (TRENO, BUS, AUTO, TAXI).<br \/>\n&#8211;\u00a0<a href=\"https:\/\/www.door2door.io\/\">https:\/\/www.door2door.io\/<\/a><\/p>\n<p>&nbsp;<\/p>\n<p>Se sei interessato a conoscere altre risorse utili visita le mie pagine <a href=\"https:\/\/zeef.com\/profile\/alessandro.paoli\" class=\"broken_link\">Zeef<\/a> dove ho creato alcune directory con all&#8217;interno, divise per categorie, liste di servizi, apps android e portali di viaggio. Mi auguro che possano farti risparmiare tempo da dedicare all&#8217;esplorazione del territorio, quindi migliorare la qualit\u00e0 complessiva dei tuoi viaggi culturali.<\/p>\n<p><a href=\"https:\/\/servizi-per-pianificare-gli-spostamenti.zeef.com\/it\/alessandro.paoli\" class=\"broken_link\">Servizi per pianificare gli spostamenti<\/a><\/p>\n<p><a href=\"https:\/\/android-travel-apps.zeef.com\/alessandro.paoli\" class=\"broken_link\">Android travel apps<\/a><\/p>\n<p>&nbsp;<\/p>\n<p><em>Buon viaggio e ricordati di rispettare sempre il luogo e i monumenti che visiti. Il loro futuro dipende anche da te!<\/em><\/p>\n<p><a href=\"https:\/\/www.facebook.com\/profile.php?id=100009844034371\">Alessandro Paoli<\/a><\/p>\n<h3><\/h3>\n","protected":false},"excerpt":{"rendered":"<p>Servizi per pianificare gli spostamenti in Europa Quando organizzi un viaggio culturale \u00e8 fondamentale pianificare nei minimi dettagli gli spostamenti. Dopo i primi viaggi ho capito che per non perdere tempo davanti alla biglietteria dovevo studiare la soluzione migliore a casa, prima della partenza. Per facilitarti il lavoro ho stilato la lista degli strumenti che &#8230; <a title=\"Risorse utili\" class=\"read-more\" href=\"https:\/\/www.viaggiculturalieuropa.it\/blog\/risorse-utili\/\">Leggi tutto<span class=\"screen-reader-text\">Risorse utili<\/span><\/a><\/p>\n","protected":false},"author":1,"featured_media":0,"parent":0,"menu_order":0,"comment_status":"closed","ping_status":"closed","template":"","meta":{"telegram_tosend":false,"telegram_tosend_message":"","telegram_tosend_target":0,"_exactmetrics_skip_tracking":false,"_exactmetrics_sitenote_active":false,"_exactmetrics_sitenote_note":"","_exactmetrics_sitenote_category":0,"footnotes":""},"class_list":["post-366","page","type-page","status-publish"],"yoast_head":"<!-- This site is optimized with the Yoast SEO plugin v25.1 - https:\/\/yoast.com\/wordpress\/plugins\/seo\/ -->\n<title>Risorse utili - Viaggi Culturali Europa<\/title>\n<meta name=\"description\" content=\"Ho stilato la lista degli strumenti che uso durante i miei viaggi culturali in Europa. Trovi compagnie, servizi e motori di ricerca.\" \/>\n<meta name=\"robots\" content=\"index, follow, max-snippet:-1, max-image-preview:large, max-video-preview:-1\" \/>\n<link rel=\"canonical\" href=\"https:\/\/www.viaggiculturalieuropa.it\/blog\/risorse-utili\/\" \/>\n<meta property=\"og:locale\" content=\"it_IT\" \/>\n<meta property=\"og:type\" content=\"article\" \/>\n<meta property=\"og:title\" content=\"Risorse utili - Viaggi Culturali Europa\" \/>\n<meta property=\"og:description\" content=\"Ho stilato la lista degli strumenti che uso durante i miei viaggi culturali in Europa. Trovi compagnie, servizi e motori di ricerca.\" \/>\n<meta property=\"og:url\" content=\"https:\/\/www.viaggiculturalieuropa.it\/blog\/risorse-utili\/\" \/>\n<meta property=\"og:site_name\" content=\"Viaggi Culturali Europa\" \/>\n<meta property=\"article:modified_time\" content=\"2022-01-28T11:55:03+00:00\" \/>\n<meta property=\"og:image\" content=\"http:\/\/www.viaggiculturalieuropa.it\/blog\/wp-content\/uploads\/2016\/01\/TRAVIC-Transit-Visualization-Client-300x192.png\" \/>\n<meta name=\"twitter:card\" content=\"summary_large_image\" \/>\n<meta name=\"twitter:label1\" content=\"Tempo di lettura stimato\" \/>\n\t<meta name=\"twitter:data1\" content=\"6 minuti\" \/>\n<script type=\"application\/ld+json\" class=\"yoast-schema-graph\">{\"@context\":\"https:\/\/schema.org\",\"@graph\":[{\"@type\":\"WebPage\",\"@id\":\"https:\/\/www.viaggiculturalieuropa.it\/blog\/risorse-utili\/\",\"url\":\"https:\/\/www.viaggiculturalieuropa.it\/blog\/risorse-utili\/\",\"name\":\"Risorse utili - Viaggi Culturali Europa\",\"isPartOf\":{\"@id\":\"https:\/\/www.viaggiculturalieuropa.it\/blog\/#website\"},\"primaryImageOfPage\":{\"@id\":\"https:\/\/www.viaggiculturalieuropa.it\/blog\/risorse-utili\/#primaryimage\"},\"image\":{\"@id\":\"https:\/\/www.viaggiculturalieuropa.it\/blog\/risorse-utili\/#primaryimage\"},\"thumbnailUrl\":\"http:\/\/www.viaggiculturalieuropa.it\/blog\/wp-content\/uploads\/2016\/01\/TRAVIC-Transit-Visualization-Client-300x192.png\",\"datePublished\":\"2016-01-14T17:56:31+00:00\",\"dateModified\":\"2022-01-28T11:55:03+00:00\",\"description\":\"Ho stilato la lista degli strumenti che uso durante i miei viaggi culturali in Europa. Trovi compagnie, servizi e motori di ricerca.\",\"breadcrumb\":{\"@id\":\"https:\/\/www.viaggiculturalieuropa.it\/blog\/risorse-utili\/#breadcrumb\"},\"inLanguage\":\"it-IT\",\"potentialAction\":[{\"@type\":\"ReadAction\",\"target\":[\"https:\/\/www.viaggiculturalieuropa.it\/blog\/risorse-utili\/\"]}]},{\"@type\":\"ImageObject\",\"inLanguage\":\"it-IT\",\"@id\":\"https:\/\/www.viaggiculturalieuropa.it\/blog\/risorse-utili\/#primaryimage\",\"url\":\"http:\/\/www.viaggiculturalieuropa.it\/blog\/wp-content\/uploads\/2016\/01\/TRAVIC-Transit-Visualization-Client-300x192.png\",\"contentUrl\":\"http:\/\/www.viaggiculturalieuropa.it\/blog\/wp-content\/uploads\/2016\/01\/TRAVIC-Transit-Visualization-Client-300x192.png\"},{\"@type\":\"BreadcrumbList\",\"@id\":\"https:\/\/www.viaggiculturalieuropa.it\/blog\/risorse-utili\/#breadcrumb\",\"itemListElement\":[{\"@type\":\"ListItem\",\"position\":1,\"name\":\"Home\",\"item\":\"https:\/\/www.viaggiculturalieuropa.it\/blog\/\"},{\"@type\":\"ListItem\",\"position\":2,\"name\":\"Risorse utili\"}]},{\"@type\":\"WebSite\",\"@id\":\"https:\/\/www.viaggiculturalieuropa.it\/blog\/#website\",\"url\":\"https:\/\/www.viaggiculturalieuropa.it\/blog\/\",\"name\":\"Viaggi Culturali Europa\",\"description\":\"Scovo i luoghi culturali che hanno creato nel tempo le identit\u00e0 europee e li porto a conoscenza di chi ama viaggiare.\",\"publisher\":{\"@id\":\"https:\/\/www.viaggiculturalieuropa.it\/blog\/#organization\"},\"potentialAction\":[{\"@type\":\"SearchAction\",\"target\":{\"@type\":\"EntryPoint\",\"urlTemplate\":\"https:\/\/www.viaggiculturalieuropa.it\/blog\/?s={search_term_string}\"},\"query-input\":{\"@type\":\"PropertyValueSpecification\",\"valueRequired\":true,\"valueName\":\"search_term_string\"}}],\"inLanguage\":\"it-IT\"},{\"@type\":\"Organization\",\"@id\":\"https:\/\/www.viaggiculturalieuropa.it\/blog\/#organization\",\"name\":\"Viaggi Culturali Europa\",\"url\":\"https:\/\/www.viaggiculturalieuropa.it\/blog\/\",\"logo\":{\"@type\":\"ImageObject\",\"inLanguage\":\"it-IT\",\"@id\":\"https:\/\/www.viaggiculturalieuropa.it\/blog\/#\/schema\/logo\/image\/\",\"url\":\"https:\/\/www.viaggiculturalieuropa.it\/blog\/wp-content\/uploads\/2015\/08\/viaggi_culturali_europa.png\",\"contentUrl\":\"https:\/\/www.viaggiculturalieuropa.it\/blog\/wp-content\/uploads\/2015\/08\/viaggi_culturali_europa.png\",\"width\":300,\"height\":44,\"caption\":\"Viaggi Culturali Europa\"},\"image\":{\"@id\":\"https:\/\/www.viaggiculturalieuropa.it\/blog\/#\/schema\/logo\/image\/\"}}]}<\/script>\n<!-- \/ Yoast SEO plugin. -->","yoast_head_json":{"title":"Risorse utili - Viaggi Culturali Europa","description":"Ho stilato la lista degli strumenti che uso durante i miei viaggi culturali in Europa. Trovi compagnie, servizi e motori di ricerca.","robots":{"index":"index","follow":"follow","max-snippet":"max-snippet:-1","max-image-preview":"max-image-preview:large","max-video-preview":"max-video-preview:-1"},"canonical":"https:\/\/www.viaggiculturalieuropa.it\/blog\/risorse-utili\/","og_locale":"it_IT","og_type":"article","og_title":"Risorse utili - Viaggi Culturali Europa","og_description":"Ho stilato la lista degli strumenti che uso durante i miei viaggi culturali in Europa. Trovi compagnie, servizi e motori di ricerca.","og_url":"https:\/\/www.viaggiculturalieuropa.it\/blog\/risorse-utili\/","og_site_name":"Viaggi Culturali Europa","article_modified_time":"2022-01-28T11:55:03+00:00","og_image":[{"url":"http:\/\/www.viaggiculturalieuropa.it\/blog\/wp-content\/uploads\/2016\/01\/TRAVIC-Transit-Visualization-Client-300x192.png","type":"","width":"","height":""}],"twitter_card":"summary_large_image","twitter_misc":{"Tempo di lettura stimato":"6 minuti"},"schema":{"@context":"https:\/\/schema.org","@graph":[{"@type":"WebPage","@id":"https:\/\/www.viaggiculturalieuropa.it\/blog\/risorse-utili\/","url":"https:\/\/www.viaggiculturalieuropa.it\/blog\/risorse-utili\/","name":"Risorse utili - Viaggi Culturali Europa","isPartOf":{"@id":"https:\/\/www.viaggiculturalieuropa.it\/blog\/#website"},"primaryImageOfPage":{"@id":"https:\/\/www.viaggiculturalieuropa.it\/blog\/risorse-utili\/#primaryimage"},"image":{"@id":"https:\/\/www.viaggiculturalieuropa.it\/blog\/risorse-utili\/#primaryimage"},"thumbnailUrl":"http:\/\/www.viaggiculturalieuropa.it\/blog\/wp-content\/uploads\/2016\/01\/TRAVIC-Transit-Visualization-Client-300x192.png","datePublished":"2016-01-14T17:56:31+00:00","dateModified":"2022-01-28T11:55:03+00:00","description":"Ho stilato la lista degli strumenti che uso durante i miei viaggi culturali in Europa. Trovi compagnie, servizi e motori di ricerca.","breadcrumb":{"@id":"https:\/\/www.viaggiculturalieuropa.it\/blog\/risorse-utili\/#breadcrumb"},"inLanguage":"it-IT","potentialAction":[{"@type":"ReadAction","target":["https:\/\/www.viaggiculturalieuropa.it\/blog\/risorse-utili\/"]}]},{"@type":"ImageObject","inLanguage":"it-IT","@id":"https:\/\/www.viaggiculturalieuropa.it\/blog\/risorse-utili\/#primaryimage","url":"http:\/\/www.viaggiculturalieuropa.it\/blog\/wp-content\/uploads\/2016\/01\/TRAVIC-Transit-Visualization-Client-300x192.png","contentUrl":"http:\/\/www.viaggiculturalieuropa.it\/blog\/wp-content\/uploads\/2016\/01\/TRAVIC-Transit-Visualization-Client-300x192.png"},{"@type":"BreadcrumbList","@id":"https:\/\/www.viaggiculturalieuropa.it\/blog\/risorse-utili\/#breadcrumb","itemListElement":[{"@type":"ListItem","position":1,"name":"Home","item":"https:\/\/www.viaggiculturalieuropa.it\/blog\/"},{"@type":"ListItem","position":2,"name":"Risorse utili"}]},{"@type":"WebSite","@id":"https:\/\/www.viaggiculturalieuropa.it\/blog\/#website","url":"https:\/\/www.viaggiculturalieuropa.it\/blog\/","name":"Viaggi Culturali Europa","description":"Scovo i luoghi culturali che hanno creato nel tempo le identit\u00e0 europee e li porto a conoscenza di chi ama viaggiare.","publisher":{"@id":"https:\/\/www.viaggiculturalieuropa.it\/blog\/#organization"},"potentialAction":[{"@type":"SearchAction","target":{"@type":"EntryPoint","urlTemplate":"https:\/\/www.viaggiculturalieuropa.it\/blog\/?s={search_term_string}"},"query-input":{"@type":"PropertyValueSpecification","valueRequired":true,"valueName":"search_term_string"}}],"inLanguage":"it-IT"},{"@type":"Organization","@id":"https:\/\/www.viaggiculturalieuropa.it\/blog\/#organization","name":"Viaggi Culturali Europa","url":"https:\/\/www.viaggiculturalieuropa.it\/blog\/","logo":{"@type":"ImageObject","inLanguage":"it-IT","@id":"https:\/\/www.viaggiculturalieuropa.it\/blog\/#\/schema\/logo\/image\/","url":"https:\/\/www.viaggiculturalieuropa.it\/blog\/wp-content\/uploads\/2015\/08\/viaggi_culturali_europa.png","contentUrl":"https:\/\/www.viaggiculturalieuropa.it\/blog\/wp-content\/uploads\/2015\/08\/viaggi_culturali_europa.png","width":300,"height":44,"caption":"Viaggi Culturali Europa"},"image":{"@id":"https:\/\/www.viaggiculturalieuropa.it\/blog\/#\/schema\/logo\/image\/"}}]}},"_links":{"self":[{"href":"https:\/\/www.viaggiculturalieuropa.it\/blog\/wp-json\/wp\/v2\/pages\/366","targetHints":{"allow":["GET"]}}],"collection":[{"href":"https:\/\/www.viaggiculturalieuropa.it\/blog\/wp-json\/wp\/v2\/pages"}],"about":[{"href":"https:\/\/www.viaggiculturalieuropa.it\/blog\/wp-json\/wp\/v2\/types\/page"}],"author":[{"embeddable":true,"href":"https:\/\/www.viaggiculturalieuropa.it\/blog\/wp-json\/wp\/v2\/users\/1"}],"replies":[{"embeddable":true,"href":"https:\/\/www.viaggiculturalieuropa.it\/blog\/wp-json\/wp\/v2\/comments?post=366"}],"version-history":[{"count":4,"href":"https:\/\/www.viaggiculturalieuropa.it\/blog\/wp-json\/wp\/v2\/pages\/366\/revisions"}],"predecessor-version":[{"id":2859,"href":"https:\/\/www.viaggiculturalieuropa.it\/blog\/wp-json\/wp\/v2\/pages\/366\/revisions\/2859"}],"wp:attachment":[{"href":"https:\/\/www.viaggiculturalieuropa.it\/blog\/wp-json\/wp\/v2\/media?parent=366"}],"curies":[{"name":"wp","href":"https:\/\/api.w.org\/{rel}","templated":true}]}}